{"id":390,"date":"2021-04-20T11:08:01","date_gmt":"2021-04-20T11:08:01","guid":{"rendered":"https:\/\/gut-winkhausen.de\/?page_id=390"},"modified":"2022-11-30T10:16:31","modified_gmt":"2022-11-30T10:16:31","slug":"familienfeiern","status":"publish","type":"page","link":"https:\/\/gut-winkhausen.de\/?page_id=390","title":{"rendered":"Familienfeiern"},"content":{"rendered":"\t\t<div data-elementor-type=\"wp-page\" data-elementor-id=\"390\" class=\"elementor elementor-390\">\n\t\t\t\t\t\t<section class=\"elementor-section elementor-top-section elementor-element elementor-element-2c6ddff elementor-section-boxed elementor-section-height-default elementor-section-height-default\" data-id=\"2c6ddff\" data-element_type=\"section\" data-e-type=\"section\" data-settings=\"{&quot;background_background&quot;:&quot;classic&quot;}\">\n\t\t\t\t\t\t\t<div class=\"elementor-background-overlay\"><\/div>\n\t\t\t\t\t\t\t<div class=\"elementor-container elementor-column-gap-default\">\n\t\t\t\t\t<div class=\"elementor-column elementor-col-100 elementor-top-column elementor-element elementor-element-10902a6\" data-id=\"10902a6\" data-element_type=\"column\" data-e-type=\"column\">\n\t\t\t<div class=\"elementor-widget-wrap elementor-element-populated\">\n\t\t\t\t\t\t<div class=\"elementor-element elementor-element-e8ce6f4 elementor-widget elementor-widget-heading\" data-id=\"e8ce6f4\" data-element_type=\"widget\" data-e-type=\"widget\" data-widget_type=\"heading.default\">\n\t\t\t\t<div class=\"elementor-widget-container\">\n\t\t\t\t\t<h1 class=\"elementor-heading-title elementor-size-default\">Familienfeiern<\/h1>\t\t\t\t<\/div>\n\t\t\t\t<\/div>\n\t\t\t\t\t<\/div>\n\t\t<\/div>\n\t\t\t\t\t<\/div>\n\t\t<\/section>\n\t\t\t\t<section class=\"elementor-section elementor-top-section elementor-element elementor-element-6778165 elementor-reverse-mobile elementor-section-boxed elementor-section-height-default elementor-section-height-default\" data-id=\"6778165\" data-element_type=\"section\" data-e-type=\"section\">\n\t\t\t\t\t\t<div class=\"elementor-container elementor-column-gap-no\">\n\t\t\t\t\t<div class=\"elementor-column elementor-col-50 elementor-top-column elementor-element elementor-element-cb692bb\" data-id=\"cb692bb\" data-element_type=\"column\" data-e-type=\"column\">\n\t\t\t<div class=\"elementor-widget-wrap elementor-element-populated\">\n\t\t\t\t\t\t<div class=\"elementor-element elementor-element-aeb7e35 elementor-widget elementor-widget-heading\" data-id=\"aeb7e35\" data-element_type=\"widget\" data-e-type=\"widget\" data-widget_type=\"heading.default\">\n\t\t\t\t<div class=\"elementor-widget-container\">\n\t\t\t\t\t<h2 class=\"elementor-heading-title elementor-size-default\">Familienfeiern<\/h2>\t\t\t\t<\/div>\n\t\t\t\t<\/div>\n\t\t\t\t<div class=\"elementor-element elementor-element-cd48ae4 elementor-widget elementor-widget-text-editor\" data-id=\"cd48ae4\" data-element_type=\"widget\" data-e-type=\"widget\" data-widget_type=\"text-editor.default\">\n\t\t\t\t<div class=\"elementor-widget-container\">\n\t\t\t\t\t\t\t\t\t<p>F\u00fcr ruhige Familienfeiern mit bis zu 75 Personen schaffen wir in Absprache mit Ihnen den Rahmen, in dem Ihre G\u00e4ste sich wohlf\u00fchlen und verw\u00f6hnt werden. Wir richten den Raum entsprechend ihren W\u00fcnschen mit Tischen und St\u00fchlen ein. Die Versorgung mit Getr\u00e4nken erfolgt durch unser engagiertes Serviceteam, so dass Sie sorglos feiern k\u00f6nnen.<\/p><p>Wenn sie es w\u00fcnschen k\u00fcmmern wir uns um:<\/p><ul><li><span style=\"font-size: 16px;\">Blumenschmuck auf den Tischen und im Raum<\/span><\/li><li>die Auswahl des Caterers<\/li><li>die musikalische Begleitung<\/li><li>gew\u00fcnschte Technik (Beamer, Leinwand etc.)<\/li><li>die Einrichtung des Au\u00dfenbereiches (an der\u00a0 S\u00fcdostseite des Gutes) mit Tischen, B\u00e4nken und evtl. Feuerstelle.<\/li><\/ul><p><em><strong>Wir machen Ihre Feier zu einem unvergesslichen Erlebnis f\u00fcr Sie und Ihre G\u00e4ste!\u00a0<\/strong><\/em><\/p>\t\t\t\t\t\t\t\t<\/div>\n\t\t\t\t<\/div>\n\t\t\t\t<div class=\"elementor-element elementor-element-e5b9240 elementor-widget elementor-widget-testimonial\" data-id=\"e5b9240\" data-element_type=\"widget\" data-e-type=\"widget\" data-widget_type=\"testimonial.default\">\n\t\t\t\t<div class=\"elementor-widget-container\">\n\t\t\t\t\t\t\t<div class=\"elementor-testimonial-wrapper\">\n\t\t\t\t\t\t\t<div class=\"elementor-testimonial-content\">\u201eIch habe im Winter 2019 meinen  Geburtstag  in der Zehntscheune des Gut Winkhausen gefeiert.<br>Es war ein sch\u00f6nes Fest in angenehmer Atmosph\u00e4re. Die Zehntscheune kannten wir durch  die Besuche der dort stattfindenden Kulturveranstaltungen. <i>(Hans Sander)<\/i><\/div>\n\t\t\t\n\t\t\t\t\t<\/div>\n\t\t\t\t\t\t<\/div>\n\t\t\t\t<\/div>\n\t\t\t\t<div class=\"elementor-element elementor-element-143a690 elementor-widget elementor-widget-button\" data-id=\"143a690\" data-element_type=\"widget\" data-e-type=\"widget\" data-widget_type=\"button.default\">\n\t\t\t\t<div class=\"elementor-widget-container\">\n\t\t\t\t\t\t\t\t\t<div class=\"elementor-button-wrapper\">\n\t\t\t\t\t<a class=\"elementor-button elementor-button-link elementor-size-sm\" href=\"?page_id=502\">\n\t\t\t\t\t\t<span class=\"elementor-button-content-wrapper\">\n\t\t\t\t\t\t\t\t\t<span class=\"elementor-button-text\">Reservierung<\/span>\n\t\t\t\t\t<\/span>\n\t\t\t\t\t<\/a>\n\t\t\t\t<\/div>\n\t\t\t\t\t\t\t\t<\/div>\n\t\t\t\t<\/div>\n\t\t\t\t\t<\/div>\n\t\t<\/div>\n\t\t\t\t<div class=\"elementor-column elementor-col-50 elementor-top-column elementor-element elementor-element-266ba7e\" data-id=\"266ba7e\" data-element_type=\"column\" data-e-type=\"column\">\n\t\t\t<div class=\"elementor-widget-wrap elementor-element-populated\">\n\t\t\t\t\t\t<div class=\"elementor-element elementor-element-186c91c elementor-widget elementor-widget-image\" data-id=\"186c91c\" data-element_type=\"widget\" data-e-type=\"widget\" data-widget_type=\"image.default\">\n\t\t\t\t<div class=\"elementor-widget-container\">\n\t\t\t\t\t\t\t\t\t\t\t\t\t\t\t<img fetchpriority=\"high\" decoding=\"async\" width=\"1024\" height=\"683\" src=\"https:\/\/gut-winkhausen.de\/wp-content\/uploads\/2021\/05\/IMG-93911-1024x683.jpg\" class=\"attachment-large size-large wp-image-802\" alt=\"\" srcset=\"https:\/\/gut-winkhausen.de\/wp-content\/uploads\/2021\/05\/IMG-93911-1024x683.jpg 1024w, https:\/\/gut-winkhausen.de\/wp-content\/uploads\/2021\/05\/IMG-93911-300x200.jpg 300w, https:\/\/gut-winkhausen.de\/wp-content\/uploads\/2021\/05\/IMG-93911-768x512.jpg 768w, https:\/\/gut-winkhausen.de\/wp-content\/uploads\/2021\/05\/IMG-93911-1536x1024.jpg 1536w, https:\/\/gut-winkhausen.de\/wp-content\/uploads\/2021\/05\/IMG-93911-2048x1365.jpg 2048w\" sizes=\"(max-width: 1024px) 100vw, 1024px\" \/>\t\t\t\t\t\t\t\t\t\t\t\t\t\t\t<\/div>\n\t\t\t\t<\/div>\n\t\t\t\t<div class=\"elementor-element elementor-element-1b48c32 elementor-widget elementor-widget-image\" data-id=\"1b48c32\" data-element_type=\"widget\" data-e-type=\"widget\" data-widget_type=\"image.default\">\n\t\t\t\t<div class=\"elementor-widget-container\">\n\t\t\t\t\t\t\t\t\t\t\t\t\t\t\t<img decoding=\"async\" width=\"1024\" height=\"576\" src=\"https:\/\/gut-winkhausen.de\/wp-content\/uploads\/2021\/05\/Feier-Hans-1024x576.jpg\" class=\"attachment-large size-large wp-image-872\" alt=\"\" srcset=\"https:\/\/gut-winkhausen.de\/wp-content\/uploads\/2021\/05\/Feier-Hans-1024x576.jpg 1024w, https:\/\/gut-winkhausen.de\/wp-content\/uploads\/2021\/05\/Feier-Hans-300x169.jpg 300w, https:\/\/gut-winkhausen.de\/wp-content\/uploads\/2021\/05\/Feier-Hans-768x432.jpg 768w, https:\/\/gut-winkhausen.de\/wp-content\/uploads\/2021\/05\/Feier-Hans-1536x864.jpg 1536w, https:\/\/gut-winkhausen.de\/wp-content\/uploads\/2021\/05\/Feier-Hans-2048x1152.jpg 2048w\" sizes=\"(max-width: 1024px) 100vw, 1024px\" \/>\t\t\t\t\t\t\t\t\t\t\t\t\t\t\t<\/div>\n\t\t\t\t<\/div>\n\t\t\t\t\t<\/div>\n\t\t<\/div>\n\t\t\t\t\t<\/div>\n\t\t<\/section>\n\t\t\t\t<\/div>\n\t\t","protected":false},"excerpt":{"rendered":"<p>Familienfeiern Familienfeiern F\u00fcr ruhige Familienfeiern mit bis zu 75 Personen schaffen wir in Absprache mit Ihnen den Rahmen, in dem Ihre G\u00e4ste sich wohlf\u00fchlen und verw\u00f6hnt werden. Wir richten den Raum entsprechend ihren W\u00fcnschen mit Tischen und St\u00fchlen ein. Die Versorgung mit Getr\u00e4nken erfolgt durch unser engagiertes Serviceteam, so dass Sie sorglos feiern k\u00f6nnen. Wenn [&hellip;]<\/p>\n","protected":false},"author":1,"featured_media":0,"parent":32,"menu_order":1,"comment_status":"closed","ping_status":"closed","template":"","meta":{"site-sidebar-layout":"no-sidebar","site-content-layout":"page-builder","ast-site-content-layout":"default","site-content-style":"default","site-sidebar-style":"default","ast-global-header-display":"","ast-banner-title-visibility":"","ast-main-header-display":"","ast-hfb-above-header-display":"","ast-hfb-below-header-display":"","ast-hfb-mobile-header-display":"","site-post-title":"disabled","ast-breadcrumbs-content":"","ast-featured-img":"disabled","footer-sml-layout":"","ast-disable-related-posts":"","theme-transparent-header-meta":"default","adv-header-id-meta":"","stick-header-meta":"","header-above-stick-meta":"","header-main-stick-meta":"","header-below-stick-meta":"","astra-migrate-meta-layouts":"default","ast-page-background-enabled":"default","ast-page-background-meta":{"desktop":{"background-color":"","background-image":"","background-repeat":"repeat","background-position":"center center","background-size":"auto","background-attachment":"scroll","background-type":"","background-media":"","overlay-type":"","overlay-color":"","overlay-opacity":"","overlay-gradient":""},"tablet":{"background-color":"","background-image":"","background-repeat":"repeat","background-position":"center center","background-size":"auto","background-attachment":"scroll","background-type":"","background-media":"","overlay-type":"","overlay-color":"","overlay-opacity":"","overlay-gradient":""},"mobile":{"background-color":"","background-image":"","background-repeat":"repeat","background-position":"center center","background-size":"auto","background-attachment":"scroll","background-type":"","background-media":"","overlay-type":"","overlay-color":"","overlay-opacity":"","overlay-gradient":""}},"ast-content-background-meta":{"desktop":{"background-color":"var(--ast-global-color-5)","background-image":"","background-repeat":"repeat","background-position":"center center","background-size":"auto","background-attachment":"scroll","background-type":"","background-media":"","overlay-type":"","overlay-color":"","overlay-opacity":"","overlay-gradient":""},"tablet":{"background-color":"var(--ast-global-color-5)","background-image":"","background-repeat":"repeat","background-position":"center center","background-size":"auto","background-attachment":"scroll","background-type":"","background-media":"","overlay-type":"","overlay-color":"","overlay-opacity":"","overlay-gradient":""},"mobile":{"background-color":"var(--ast-global-color-5)","background-image":"","background-repeat":"repeat","background-position":"center center","background-size":"auto","background-attachment":"scroll","background-type":"","background-media":"","overlay-type":"","overlay-color":"","overlay-opacity":"","overlay-gradient":""}},"footnotes":""},"class_list":["post-390","page","type-page","status-publish","hentry"],"_links":{"self":[{"href":"https:\/\/gut-winkhausen.de\/index.php?rest_route=\/wp\/v2\/pages\/390","targetHints":{"allow":["GET"]}}],"collection":[{"href":"https:\/\/gut-winkhausen.de\/index.php?rest_route=\/wp\/v2\/pages"}],"about":[{"href":"https:\/\/gut-winkhausen.de\/index.php?rest_route=\/wp\/v2\/types\/page"}],"author":[{"embeddable":true,"href":"https:\/\/gut-winkhausen.de\/index.php?rest_route=\/wp\/v2\/users\/1"}],"replies":[{"embeddable":true,"href":"https:\/\/gut-winkhausen.de\/index.php?rest_route=%2Fwp%2Fv2%2Fcomments&post=390"}],"version-history":[{"count":37,"href":"https:\/\/gut-winkhausen.de\/index.php?rest_route=\/wp\/v2\/pages\/390\/revisions"}],"predecessor-version":[{"id":947,"href":"https:\/\/gut-winkhausen.de\/index.php?rest_route=\/wp\/v2\/pages\/390\/revisions\/947"}],"up":[{"embeddable":true,"href":"https:\/\/gut-winkhausen.de\/index.php?rest_route=\/wp\/v2\/pages\/32"}],"wp:attachment":[{"href":"https:\/\/gut-winkhausen.de\/index.php?rest_route=%2Fwp%2Fv2%2Fmedia&parent=390"}],"curies":[{"name":"wp","href":"https:\/\/api.w.org\/{rel}","templated":true}]}}